{"id":422,"date":"2022-03-15T15:05:44","date_gmt":"2022-03-15T14:05:44","guid":{"rendered":"http:\/\/localhost\/refugelanova\/?page_id=422"},"modified":"2022-03-15T15:05:44","modified_gmt":"2022-03-15T14:05:44","slug":"conditions-dutilisation","status":"publish","type":"page","link":"https:\/\/refugelanova.com\/?page_id=422","title":{"rendered":"CONDITIONS D&rsquo;UTILISATION"},"content":{"rendered":"<p>Ce site Internet et tous les \u00e9l\u00e9ments textuels, graphiques et sonores qui le constituent sont propri\u00e9t\u00e9 de la soci\u00e9t\u00e9 Refuge de la Nova sauf mentions explicites. L&rsquo;ensemble de ce site rel\u00e8ve des l\u00e9gislations fran\u00e7aise et internationale sur le droit d&rsquo;auteur et la propri\u00e9t\u00e9 intellectuelle. Tous les droits de reproduction sont r\u00e9serv\u00e9s, y compris pour les documents iconographiques et photographiques.<\/p>\n","protected":false},"excerpt":{"rendered":"<p>Ce site Internet et tous les \u00e9l\u00e9ments textuels, graphiques et sonores qui le constituent sont propri\u00e9t\u00e9 de la soci\u00e9t\u00e9 Refuge de la Nova sauf mentions explicites. L&rsquo;ensemble de ce site rel\u00e8ve des l\u00e9gislations fran\u00e7aise et internationale sur le droit d&rsquo;auteur et la propri\u00e9t\u00e9 intellectuelle. Tous les droits de reproduction sont r\u00e9serv\u00e9s, y compris pour les&#8230;  <a class=\"excerpt-read-more\" href=\"https:\/\/refugelanova.com\/?page_id=422\" title=\"LireCONDITIONS D&rsquo;UTILISATION\">Lire la suite &raquo;<\/a><\/p>\n","protected":false},"author":1,"featured_media":0,"parent":0,"menu_order":0,"comment_status":"closed","ping_status":"closed","template":"templates-parts\/page-default.php","meta":{"footnotes":""},"class_list":["post-422","page","type-page","status-publish","hentry"],"acf":[],"lang":"fr","translations":{"fr":422,"en":420},"pll_sync_post":[],"_links":{"self":[{"href":"https:\/\/refugelanova.com\/index.php?rest_route=\/wp\/v2\/pages\/422","targetHints":{"allow":["GET"]}}],"collection":[{"href":"https:\/\/refugelanova.com\/index.php?rest_route=\/wp\/v2\/pages"}],"about":[{"href":"https:\/\/refugelanova.com\/index.php?rest_route=\/wp\/v2\/types\/page"}],"author":[{"embeddable":true,"href":"https:\/\/refugelanova.com\/index.php?rest_route=\/wp\/v2\/users\/1"}],"replies":[{"embeddable":true,"href":"https:\/\/refugelanova.com\/index.php?rest_route=%2Fwp%2Fv2%2Fcomments&post=422"}],"version-history":[{"count":1,"href":"https:\/\/refugelanova.com\/index.php?rest_route=\/wp\/v2\/pages\/422\/revisions"}],"predecessor-version":[{"id":423,"href":"https:\/\/refugelanova.com\/index.php?rest_route=\/wp\/v2\/pages\/422\/revisions\/423"}],"wp:attachment":[{"href":"https:\/\/refugelanova.com\/index.php?rest_route=%2Fwp%2Fv2%2Fmedia&parent=422"}],"curies":[{"name":"wp","href":"https:\/\/api.w.org\/{rel}","templated":true}]}}